{"id":39,"date":"2025-11-26T20:37:44","date_gmt":"2025-11-26T19:37:44","guid":{"rendered":"https:\/\/bicmed.pl\/?page_id=39"},"modified":"2025-12-03T10:16:52","modified_gmt":"2025-12-03T09:16:52","slug":"index","status":"publish","type":"page","link":"https:\/\/bicmed.pl\/","title":{"rendered":"BIOREZONANS"},"content":{"rendered":"\n<h3 class=\"wp-block-heading\"><\/h3>\n\n\n<div class=\"wp-block-image\">\n<figure class=\"aligncenter size-full\"><img loading=\"lazy\" decoding=\"async\" width=\"400\" height=\"153\" src=\"https:\/\/bicmed.pl\/wp-content\/uploads\/2025\/11\/LOGO-medium.jpg\" alt=\"\" class=\"wp-image-12\" srcset=\"https:\/\/bicmed.pl\/wp-content\/uploads\/2025\/11\/LOGO-medium.jpg 400w, https:\/\/bicmed.pl\/wp-content\/uploads\/2025\/11\/LOGO-medium-300x115.jpg 300w\" sizes=\"auto, (max-width: 400px) 100vw, 400px\" \/><\/figure>\n<\/div>\n\n\n<figure class=\"wp-block-image size-full\"><img loading=\"lazy\" decoding=\"async\" width=\"1024\" height=\"572\" src=\"https:\/\/bicmed.pl\/wp-content\/uploads\/2025\/12\/cb379a6f-3ff9-470e-b222-96e7c8ae8d84.jpg\" alt=\"\" class=\"wp-image-89\" srcset=\"https:\/\/bicmed.pl\/wp-content\/uploads\/2025\/12\/cb379a6f-3ff9-470e-b222-96e7c8ae8d84.jpg 1024w, https:\/\/bicmed.pl\/wp-content\/uploads\/2025\/12\/cb379a6f-3ff9-470e-b222-96e7c8ae8d84-300x168.jpg 300w, https:\/\/bicmed.pl\/wp-content\/uploads\/2025\/12\/cb379a6f-3ff9-470e-b222-96e7c8ae8d84-768x429.jpg 768w\" sizes=\"auto, (max-width: 1024px) 100vw, 1024px\" \/><\/figure>\n\n\n\n<hr class=\"wp-block-separator has-alpha-channel-opacity\"\/>\n\n\n\n<h2 class=\"wp-block-heading\">\ud83c\udf3f&nbsp;<strong>BICMED \u2013 Diagnoza i Odczulanie<\/strong><\/h2>\n\n\n\n<p><strong>Naturalnie. Holistycznie. Skutecznie.<\/strong><\/p>\n\n\n\n<p>BICMED to gabinet terapii biorezonansowej, kt\u00f3ry wspiera naturalne procesy samoregulacji organizmu. Pomagamy przywr\u00f3ci\u0107 r\u00f3wnowag\u0119 energetyczn\u0105 i poprawi\u0107 samopoczucie, wykorzystuj\u0105c technologi\u0119 biorezonansu BRT \u2013 metod\u0119 opart\u0105 na analizie fal elektromagnetycznych emitowanych przez kom\u00f3rki ludzkiego cia\u0142a.<br>To bezpieczna, nieinwazyjna forma wsparcia, \u0142\u0105cz\u0105ca osi\u0105gni\u0119cia nauki z naturalnym podej\u015bciem do zdrowia.<\/p>\n\n\n\n<p><\/p>\n\n\n\n<h2 class=\"wp-block-heading\">\ud83c\udf3f&nbsp;<strong>O NAS<\/strong><\/h2>\n\n\n\n<p>W BICMED wierzymy, \u017ce dobre samopoczucie wynika z r\u00f3wnowagi cia\u0142a i umys\u0142u.<br>Naszym celem jest wspieranie organizmu w naturalnych procesach regeneracyjnych i pomaganie w odzyskaniu harmonii.<br>Gabinet zosta\u0142 zaprojektowany z my\u015bl\u0105 o komforcie pacjent\u00f3w \u2013 to przestrze\u0144 spokojna, bezpieczna i przyjazna r\u00f3wnie\u017c dzieciom.<br>Ka\u017cda wizyta przebiega w indywidualnej, spokojnej atmosferze, z pe\u0142nym poszanowaniem potrzeb i emocji pacjenta.<\/p>\n\n\n\n<p><\/p>\n\n\n\n<h2 class=\"wp-block-heading\">\ud83c\udf3f&nbsp;<strong>W CZYM POMAGAMY<\/strong><\/h2>\n\n\n\n<p>Terapia biorezonansowa mo\u017ce wspiera\u0107 organizm w przywracaniu r\u00f3wnowagi w wielu obszarach \u017cycia i zdrowia.<br>Pomaga m.in. w przypadku:<\/p>\n\n\n\n<ul class=\"wp-block-list\">\n<li>alergii py\u0142kowych, wziewnych oraz diagnozie borelii,<\/li>\n\n\n\n<li>obci\u0105\u017ce\u0144 toksynami i paso\u017cytami,<\/li>\n\n\n\n<li>przewlek\u0142ego zm\u0119czenia, stresu i napi\u0119cia,<\/li>\n\n\n\n<li>odzwyczajania od nikotyny i alkoholu.<\/li>\n<\/ul>\n\n\n\n<p>Ka\u017cdy organizm reaguje indywidualnie \u2013 dlatego ka\u017cda terapia jest dostosowana do potrzeb konkretnej osoby.<\/p>\n\n\n\n<p><\/p>\n\n\n\n<h2 class=\"wp-block-heading\">\ud83c\udf3f&nbsp;<strong>TERAPIA BIOREZONANSOWA<\/strong><\/h2>\n\n\n\n<p>Biorezonans BRT to technologia wykorzystuj\u0105ca naturalne drgania elektromagnetyczne organizmu.<br>Ka\u017cda kom\u00f3rka wytwarza charakterystyczny sygna\u0142 \u2013 a urz\u0105dzenie&nbsp;<strong>BICOM Optima<\/strong>&nbsp;odczytuje te informacje i wspiera przywracanie ich naturalnego rytmu.<br>To certyfikowany sprz\u0119t medyczny klasy IIa (T\u00dcV, CE), u\u017cywany w wielu krajach Europy.<br>Technologia umo\u017cliwia precyzyjn\u0105 analiz\u0119 i terapi\u0119 w niskich cz\u0119stotliwo\u015bciach (1\u201325 Hz), dzi\u0119ki czemu wspiera procesy koordynacyjne i regeneracyjne w ciele.<\/p>\n\n\n\n<blockquote class=\"wp-block-quote is-layout-flow wp-block-quote-is-layout-flow\">\n<p>\u201ePocz\u0105tek nowej ery w metodzie biorezonansu wykorzystuj\u0105cej aparat BICOM OPTIMA.\u201d<br>~ Hans Brugemann<\/p>\n<\/blockquote>\n\n\n\n<p><\/p>\n\n\n\n<h2 class=\"wp-block-heading\">\ud83c\udf3f&nbsp;<strong>DIAGNOSTYKA<\/strong><\/h2>\n\n\n\n<p>Pierwszym etapem terapii jest diagnoza biorezonansowa \u2013 nieinwazyjna analiza, kt\u00f3ra pozwala okre\u015bli\u0107 poziom energii organizmu, obci\u0105\u017cenia toksynami, niedobory witamin, stres oksydacyjny czy stan uk\u0142adu odporno\u015bciowego.<br>Na tej podstawie dobierane s\u0105 indywidualne programy wspieraj\u0105ce, kt\u00f3re pomagaj\u0105 organizmowi odzyska\u0107 naturaln\u0105 r\u00f3wnowag\u0119.<\/p>\n\n\n\n<p><\/p>\n\n\n\n<h2 class=\"wp-block-heading\">\ud83c\udf3f&nbsp;<strong>NASZA TECHNOLOGIA<\/strong><\/h2>\n\n\n\n<p>W BICMED korzystamy z najnowszej generacji aparatu&nbsp;<strong>BICOM Optima<\/strong>, \u0142\u0105cz\u0105cego ponad tysi\u0105c program\u00f3w terapeutycznych i wieloletnie do\u015bwiadczenie w dziedzinie biorezonansu.<br>Urz\u0105dzenie posiada europejskie certyfikaty jako\u015bci i bezpiecze\u0144stwa (T\u00dcV, CE) oraz spe\u0142nia wymagania klasy medycznej IIa.<br>To gwarancja precyzji, skuteczno\u015bci i bezpiecze\u0144stwa ka\u017cdego zabiegu.<\/p>\n\n\n\n<figure class=\"wp-block-image is-resized\"><img loading=\"lazy\" decoding=\"async\" width=\"555\" height=\"278\" src=\"https:\/\/bicmed.pl\/wp-content\/uploads\/2025\/11\/bicom-optima-3.png\" alt=\"\" class=\"wp-image-33\" style=\"width:840px;height:auto\" srcset=\"https:\/\/bicmed.pl\/wp-content\/uploads\/2025\/11\/bicom-optima-3.png 555w, https:\/\/bicmed.pl\/wp-content\/uploads\/2025\/11\/bicom-optima-3-300x150.png 300w\" sizes=\"auto, (max-width: 555px) 100vw, 555px\" \/><\/figure>\n\n\n\n<blockquote class=\"wp-block-quote is-layout-flow wp-block-quote-is-layout-flow\">\n<h2 class=\"wp-block-heading\"><strong>KONTAKT<\/strong><\/h2>\n\n\n\n<p><strong>BICMED \u2013 Diagnoza i Odczulanie<\/strong><br>\ud83d\udcde 693 414 311<br>\ud83d\udd52<\/p>\n<\/blockquote>\n\n\n\n<p><\/p>\n","protected":false},"excerpt":{"rendered":"<p>\ud83c\udf3f&nbsp;BICMED \u2013 Diagnoza i Odczulanie Naturalnie. Holistycznie. Skutecznie. BICMED to gabinet terapii biorezonansowej, kt\u00f3ry wspiera naturalne procesy samoregulacji organizmu. Pomagamy przywr\u00f3ci\u0107 r\u00f3wnowag\u0119 energetyczn\u0105 i poprawi\u0107 samopoczucie, wykorzystuj\u0105c technologi\u0119 biorezonansu BRT \u2013 metod\u0119 opart\u0105 na analizie fal elektromagnetycznych emitowanych przez kom\u00f3rki ludzkiego cia\u0142a.To bezpieczna, nieinwazyjna forma wsparcia, \u0142\u0105cz\u0105ca osi\u0105gni\u0119cia nauki z naturalnym podej\u015bciem do zdrowia. \ud83c\udf3f&nbsp;O NAS W BICMED wierzymy, \u017ce [&hellip;]<\/p>\n","protected":false},"author":1,"featured_media":0,"parent":0,"menu_order":0,"comment_status":"closed","ping_status":"closed","template":"","meta":{"footnotes":""},"class_list":["post-39","page","type-page","status-publish","hentry"],"_links":{"self":[{"href":"https:\/\/bicmed.pl\/index.php?rest_route=\/wp\/v2\/pages\/39","targetHints":{"allow":["GET"]}}],"collection":[{"href":"https:\/\/bicmed.pl\/index.php?rest_route=\/wp\/v2\/pages"}],"about":[{"href":"https:\/\/bicmed.pl\/index.php?rest_route=\/wp\/v2\/types\/page"}],"author":[{"embeddable":true,"href":"https:\/\/bicmed.pl\/index.php?rest_route=\/wp\/v2\/users\/1"}],"replies":[{"embeddable":true,"href":"https:\/\/bicmed.pl\/index.php?rest_route=%2Fwp%2Fv2%2Fcomments&post=39"}],"version-history":[{"count":20,"href":"https:\/\/bicmed.pl\/index.php?rest_route=\/wp\/v2\/pages\/39\/revisions"}],"predecessor-version":[{"id":90,"href":"https:\/\/bicmed.pl\/index.php?rest_route=\/wp\/v2\/pages\/39\/revisions\/90"}],"wp:attachment":[{"href":"https:\/\/bicmed.pl\/index.php?rest_route=%2Fwp%2Fv2%2Fmedia&parent=39"}],"curies":[{"name":"wp","href":"https:\/\/api.w.org\/{rel}","templated":true}]}}